{"id":30,"date":"2017-06-06T21:09:12","date_gmt":"2017-06-06T19:09:12","guid":{"rendered":"http:\/\/telinebyra.com\/?page_id=30"},"modified":"2017-06-13T22:42:28","modified_gmt":"2017-06-13T20:42:28","slug":"contact","status":"publish","type":"page","link":"https:\/\/telinebyra.com\/?page_id=30","title":{"rendered":"Contact"},"content":{"rendered":"<h2>Telin\u00e9 by R.A<img loading=\"lazy\" decoding=\"async\" class=\"size-thumbnail wp-image-69 alignright\" src=\"https:\/\/telinebyra.com\/wp-content\/uploads\/2017\/06\/Snapchat-39118552-150x150.jpg\" alt=\"\" width=\"150\" height=\"150\" srcset=\"https:\/\/telinebyra.com\/wp-content\/uploads\/2017\/06\/Snapchat-39118552-150x150.jpg 150w, https:\/\/telinebyra.com\/wp-content\/uploads\/2017\/06\/Snapchat-39118552-50x50.jpg 50w\" sizes=\"(max-width: 150px) 100vw, 150px\" \/><\/h2>\n<p>T\u00e9l 06 49 80 54 50<\/p>\n<p><a href=\"mailto:hello@telinebyra.com\">hello@telinebyra.com<\/a><\/p>\n<p><a href=\"https:\/\/www.facebook.com\/telinebyra\/\">https:\/\/www.facebook.com\/telinebyra\/<\/a><\/p>\n<p><a href=\"https:\/\/www.instagram.com\/telinebyra\/\">https:\/\/www.instagram.com\/telinebyra\/<\/a><\/p>\n<p>&nbsp;<\/p>\n<p><iframe loading=\"lazy\" style=\"border: 0;\" src=\"https:\/\/www.google.com\/maps\/embed?pb=!1m18!1m12!1m3!1d11136.18521332061!2d4.870451324663546!3d45.750217664042765!2m3!1f0!2f0!3f0!3m2!1i1024!2i768!4f13.1!3m3!1m2!1s0x47f4c1dad84a34a3%3A0xebabb512dda99173!2sMontchat%2C+69003+Lyon!5e0!3m2!1sfr!2sfr!4v1496941664095\" width=\"600\" height=\"450\" frameborder=\"0\" allowfullscreen=\"allowfullscreen\"><\/iframe><\/p>\n<p>[contact-form][contact-field label=&rsquo;Nom&rsquo; type=&rsquo;name&rsquo; required=&rsquo;1&rsquo;\/][contact-field label=&rsquo;E-mail&rsquo; type=&#8217;email&rsquo; required=&rsquo;1&rsquo;\/][contact-field label=&rsquo;Commentaire&rsquo; type=&rsquo;textarea&rsquo; required=&rsquo;1&rsquo;\/][\/contact-form]<\/p>\n","protected":false},"excerpt":{"rendered":"<p>Telin\u00e9 by R.A T\u00e9l 06 49 80 54 50 hello@telinebyra.com https:\/\/www.facebook.com\/telinebyra\/ https:\/\/www.instagram.com\/telinebyra\/ &nbsp; [contact-form][contact-field label=&rsquo;Nom&rsquo; type=&rsquo;name&rsquo; required=&rsquo;1&rsquo;\/][contact-field label=&rsquo;E-mail&rsquo; type=&#8217;email&rsquo; required=&rsquo;1&rsquo;\/][contact-field label=&rsquo;Commentaire&rsquo; type=&rsquo;textarea&rsquo; required=&rsquo;1&rsquo;\/][\/contact-form]<\/p>\n","protected":false},"author":1,"featured_media":0,"parent":0,"menu_order":4,"comment_status":"closed","ping_status":"closed","template":"","meta":{"footnotes":""},"yoast_head":"<!-- This site is optimized with the Yoast SEO plugin v21.5 - https:\/\/yoast.com\/wordpress\/plugins\/seo\/ -->\n<title>Contact - Telin\u00e9 by R.A<\/title>\n<meta name=\"robots\" content=\"index, follow, max-snippet:-1, max-image-preview:large, max-video-preview:-1\" \/>\n<link rel=\"canonical\" href=\"https:\/\/telinebyra.com\/?page_id=30\" \/>\n<meta property=\"og:locale\" content=\"fr_FR\" \/>\n<meta property=\"og:type\" content=\"article\" \/>\n<meta property=\"og:title\" content=\"Contact - Telin\u00e9 by R.A\" \/>\n<meta property=\"og:description\" content=\"Telin\u00e9 by R.A T\u00e9l 06 49 80 54 50 hello@telinebyra.com https:\/\/www.facebook.com\/telinebyra\/ https:\/\/www.instagram.com\/telinebyra\/ &nbsp; [contact-form][contact-field label=&rsquo;Nom&rsquo; type=&rsquo;name&rsquo; required=&rsquo;1&rsquo;\/][contact-field label=&rsquo;E-mail&rsquo; type=&#8217;email&rsquo; required=&rsquo;1&rsquo;\/][contact-field label=&rsquo;Commentaire&rsquo; type=&rsquo;textarea&rsquo; required=&rsquo;1&rsquo;\/][\/contact-form]\" \/>\n<meta property=\"og:url\" content=\"https:\/\/telinebyra.com\/?page_id=30\" \/>\n<meta property=\"og:site_name\" content=\"Telin\u00e9 by R.A\" \/>\n<meta property=\"article:modified_time\" content=\"2017-06-13T20:42:28+00:00\" \/>\n<meta property=\"og:image\" content=\"http:\/\/telinebyra.com\/wp-content\/uploads\/2017\/06\/Snapchat-39118552-150x150.jpg\" \/>\n<meta name=\"twitter:card\" content=\"summary_large_image\" \/>\n<script type=\"application\/ld+json\" class=\"yoast-schema-graph\">{\"@context\":\"https:\/\/schema.org\",\"@graph\":[{\"@type\":\"WebPage\",\"@id\":\"https:\/\/telinebyra.com\/?page_id=30\",\"url\":\"https:\/\/telinebyra.com\/?page_id=30\",\"name\":\"Contact - Telin\u00e9 by R.A\",\"isPartOf\":{\"@id\":\"https:\/\/telinebyra.com\/#website\"},\"datePublished\":\"2017-06-06T19:09:12+00:00\",\"dateModified\":\"2017-06-13T20:42:28+00:00\",\"breadcrumb\":{\"@id\":\"https:\/\/telinebyra.com\/?page_id=30#breadcrumb\"},\"inLanguage\":\"fr-FR\",\"potentialAction\":[{\"@type\":\"ReadAction\",\"target\":[\"https:\/\/telinebyra.com\/?page_id=30\"]}]},{\"@type\":\"BreadcrumbList\",\"@id\":\"https:\/\/telinebyra.com\/?page_id=30#breadcrumb\",\"itemListElement\":[{\"@type\":\"ListItem\",\"position\":1,\"name\":\"Accueil\",\"item\":\"https:\/\/telinebyra.com\/\"},{\"@type\":\"ListItem\",\"position\":2,\"name\":\"Contact\"}]},{\"@type\":\"WebSite\",\"@id\":\"https:\/\/telinebyra.com\/#website\",\"url\":\"https:\/\/telinebyra.com\/\",\"name\":\"Telin\u00e9 by R.A\",\"description\":\"Personal shopper\",\"publisher\":{\"@id\":\"https:\/\/telinebyra.com\/#organization\"},\"potentialAction\":[{\"@type\":\"SearchAction\",\"target\":{\"@type\":\"EntryPoint\",\"urlTemplate\":\"https:\/\/telinebyra.com\/?s={search_term_string}\"},\"query-input\":\"required name=search_term_string\"}],\"inLanguage\":\"fr-FR\"},{\"@type\":\"Organization\",\"@id\":\"https:\/\/telinebyra.com\/#organization\",\"name\":\"Telin\u00e9 by R.A\",\"url\":\"https:\/\/telinebyra.com\/\",\"logo\":{\"@type\":\"ImageObject\",\"inLanguage\":\"fr-FR\",\"@id\":\"https:\/\/telinebyra.com\/#\/schema\/logo\/image\/\",\"url\":\"https:\/\/telinebyra.com\/wp-content\/uploads\/2017\/06\/cropped-Logo-Personal-Shopper-Teline-by-RA.jpg\",\"contentUrl\":\"https:\/\/telinebyra.com\/wp-content\/uploads\/2017\/06\/cropped-Logo-Personal-Shopper-Teline-by-RA.jpg\",\"width\":280,\"height\":82,\"caption\":\"Telin\u00e9 by R.A\"},\"image\":{\"@id\":\"https:\/\/telinebyra.com\/#\/schema\/logo\/image\/\"}}]}<\/script>\n<!-- \/ Yoast SEO plugin. -->","yoast_head_json":{"title":"Contact - Telin\u00e9 by R.A","robots":{"index":"index","follow":"follow","max-snippet":"max-snippet:-1","max-image-preview":"max-image-preview:large","max-video-preview":"max-video-preview:-1"},"canonical":"https:\/\/telinebyra.com\/?page_id=30","og_locale":"fr_FR","og_type":"article","og_title":"Contact - Telin\u00e9 by R.A","og_description":"Telin\u00e9 by R.A T\u00e9l 06 49 80 54 50 hello@telinebyra.com https:\/\/www.facebook.com\/telinebyra\/ https:\/\/www.instagram.com\/telinebyra\/ &nbsp; [contact-form][contact-field label=&rsquo;Nom&rsquo; type=&rsquo;name&rsquo; required=&rsquo;1&rsquo;\/][contact-field label=&rsquo;E-mail&rsquo; type=&#8217;email&rsquo; required=&rsquo;1&rsquo;\/][contact-field label=&rsquo;Commentaire&rsquo; type=&rsquo;textarea&rsquo; required=&rsquo;1&rsquo;\/][\/contact-form]","og_url":"https:\/\/telinebyra.com\/?page_id=30","og_site_name":"Telin\u00e9 by R.A","article_modified_time":"2017-06-13T20:42:28+00:00","og_image":[{"url":"http:\/\/telinebyra.com\/wp-content\/uploads\/2017\/06\/Snapchat-39118552-150x150.jpg"}],"twitter_card":"summary_large_image","schema":{"@context":"https:\/\/schema.org","@graph":[{"@type":"WebPage","@id":"https:\/\/telinebyra.com\/?page_id=30","url":"https:\/\/telinebyra.com\/?page_id=30","name":"Contact - Telin\u00e9 by R.A","isPartOf":{"@id":"https:\/\/telinebyra.com\/#website"},"datePublished":"2017-06-06T19:09:12+00:00","dateModified":"2017-06-13T20:42:28+00:00","breadcrumb":{"@id":"https:\/\/telinebyra.com\/?page_id=30#breadcrumb"},"inLanguage":"fr-FR","potentialAction":[{"@type":"ReadAction","target":["https:\/\/telinebyra.com\/?page_id=30"]}]},{"@type":"BreadcrumbList","@id":"https:\/\/telinebyra.com\/?page_id=30#breadcrumb","itemListElement":[{"@type":"ListItem","position":1,"name":"Accueil","item":"https:\/\/telinebyra.com\/"},{"@type":"ListItem","position":2,"name":"Contact"}]},{"@type":"WebSite","@id":"https:\/\/telinebyra.com\/#website","url":"https:\/\/telinebyra.com\/","name":"Telin\u00e9 by R.A","description":"Personal shopper","publisher":{"@id":"https:\/\/telinebyra.com\/#organization"},"potentialAction":[{"@type":"SearchAction","target":{"@type":"EntryPoint","urlTemplate":"https:\/\/telinebyra.com\/?s={search_term_string}"},"query-input":"required name=search_term_string"}],"inLanguage":"fr-FR"},{"@type":"Organization","@id":"https:\/\/telinebyra.com\/#organization","name":"Telin\u00e9 by R.A","url":"https:\/\/telinebyra.com\/","logo":{"@type":"ImageObject","inLanguage":"fr-FR","@id":"https:\/\/telinebyra.com\/#\/schema\/logo\/image\/","url":"https:\/\/telinebyra.com\/wp-content\/uploads\/2017\/06\/cropped-Logo-Personal-Shopper-Teline-by-RA.jpg","contentUrl":"https:\/\/telinebyra.com\/wp-content\/uploads\/2017\/06\/cropped-Logo-Personal-Shopper-Teline-by-RA.jpg","width":280,"height":82,"caption":"Telin\u00e9 by R.A"},"image":{"@id":"https:\/\/telinebyra.com\/#\/schema\/logo\/image\/"}}]}},"_links":{"self":[{"href":"https:\/\/telinebyra.com\/index.php?rest_route=\/wp\/v2\/pages\/30"}],"collection":[{"href":"https:\/\/telinebyra.com\/index.php?rest_route=\/wp\/v2\/pages"}],"about":[{"href":"https:\/\/telinebyra.com\/index.php?rest_route=\/wp\/v2\/types\/page"}],"author":[{"embeddable":true,"href":"https:\/\/telinebyra.com\/index.php?rest_route=\/wp\/v2\/users\/1"}],"replies":[{"embeddable":true,"href":"https:\/\/telinebyra.com\/index.php?rest_route=%2Fwp%2Fv2%2Fcomments&post=30"}],"version-history":[{"count":8,"href":"https:\/\/telinebyra.com\/index.php?rest_route=\/wp\/v2\/pages\/30\/revisions"}],"predecessor-version":[{"id":122,"href":"https:\/\/telinebyra.com\/index.php?rest_route=\/wp\/v2\/pages\/30\/revisions\/122"}],"wp:attachment":[{"href":"https:\/\/telinebyra.com\/index.php?rest_route=%2Fwp%2Fv2%2Fmedia&parent=30"}],"curies":[{"name":"wp","href":"https:\/\/api.w.org\/{rel}","templated":true}]}}