{"id":28,"date":"2017-06-06T21:08:07","date_gmt":"2017-06-06T19:08:07","guid":{"rendered":"http:\/\/telinebyra.com\/?page_id=28"},"modified":"2022-11-11T10:17:03","modified_gmt":"2022-11-11T09:17:03","slug":"services-personal-shopper-lyon","status":"publish","type":"page","link":"https:\/\/telinebyra.com\/?page_id=28","title":{"rendered":"Services"},"content":{"rendered":"<h3>Personal shopping<\/h3>\n<p>Sur place ou par t\u00e9l\u00e9phone, le personal shopper organise d&rsquo;abord un entretien pr\u00e9paratoire avec son client afin de cerner ses go\u00fbts et son style mais \u00e9galement son bu<span class=\"text_exposed_show\">dget. <\/span><\/p>\n<p><span class=\"text_exposed_show\">Il se rend ensuite dans les magasins pour rep\u00e9rer certains articles et faire une premi\u00e8re s\u00e9lection. <\/span><\/p>\n<p><span class=\"text_exposed_show\">Enfin, le personal shopper guide le client lors de son shopping et l&rsquo;aide \u00e0 choisir des v\u00eatements qui lui conviennent parfaitement, et \u00e0 faire les bons achats.<\/span><\/p>\n<p><span class=\"text_exposed_show\">Mon r\u00f4le est d&rsquo;apprendre \u00e0 ne pas acheter des pi\u00e8ces qui resteront dans le placard mais d&rsquo;apprendre une m\u00e9thode d&rsquo;achat : travailler par look.<\/span><\/p>\n<pre><strong><em>Co\u00fbt de la prestation (2h): 150\u20ac<\/em><\/strong><\/pre>\n<p>Contactez-moi afin de convenir d&rsquo;un rendez-vous: \u00a0<a href=\"https:\/\/telinebyra.com\/index.php\/contact\/\">Contact<\/a><\/p>\n<p>Pour faire appel \u00e0 mes services selon vos besoins et vos occasions:<\/p>\n<pre><strong><em>Pacte \"Jamais sans moi\" (10 s\u00e9ances de 2h): 1200\u20ac<\/em><\/strong><\/pre>\n<h3>Autres prestations<\/h3>\n<p>Je propose \u00e9galement des services de r\u00e9organisation de votre garde-robe, expertise de votre dressing, de shopping par t\u00e9l\u00e9phone, shopping cadeaux, pr\u00e9paration de mariage.<\/p>\n<p><em>Prestation sur demande<\/em><\/p>\n","protected":false},"excerpt":{"rendered":"<p>Personal shopping Sur place ou par t\u00e9l\u00e9phone, le personal shopper organise d&rsquo;abord un entretien pr\u00e9paratoire avec son client afin de cerner ses go\u00fbts et son style mais \u00e9galement son budget. Il se rend ensuite dans les magasins pour rep\u00e9rer certains articles et faire une premi\u00e8re s\u00e9lection. Enfin, le personal shopper guide le client lors de [&hellip;]<\/p>\n","protected":false},"author":1,"featured_media":0,"parent":0,"menu_order":2,"comment_status":"closed","ping_status":"closed","template":"","meta":{"footnotes":""},"yoast_head":"<!-- This site is optimized with the Yoast SEO plugin v21.5 - https:\/\/yoast.com\/wordpress\/plugins\/seo\/ -->\n<title>Services - Telin\u00e9 by R.A<\/title>\n<meta name=\"description\" content=\"Telin\u00e9 by R.A vous propose un service de personal shopper \u00e0 Lyon, sur mesure, personnalis\u00e9 et passionn\u00e9. Mon r\u00f4le sera de vous accompagner et vous conseiller, en fonction de votre budget, de vos go\u00fbts et de votre morphologie\" \/>\n<meta name=\"robots\" content=\"index, follow, max-snippet:-1, max-image-preview:large, max-video-preview:-1\" \/>\n<link rel=\"canonical\" href=\"https:\/\/telinebyra.com\/?page_id=28\" \/>\n<meta property=\"og:locale\" content=\"fr_FR\" \/>\n<meta property=\"og:type\" content=\"article\" \/>\n<meta property=\"og:title\" content=\"Services - Telin\u00e9 by R.A\" \/>\n<meta property=\"og:description\" content=\"Telin\u00e9 by R.A vous propose un service de personal shopper \u00e0 Lyon, sur mesure, personnalis\u00e9 et passionn\u00e9. Mon r\u00f4le sera de vous accompagner et vous conseiller, en fonction de votre budget, de vos go\u00fbts et de votre morphologie\" \/>\n<meta property=\"og:url\" content=\"https:\/\/telinebyra.com\/?page_id=28\" \/>\n<meta property=\"og:site_name\" content=\"Telin\u00e9 by R.A\" \/>\n<meta property=\"article:modified_time\" content=\"2022-11-11T09:17:03+00:00\" \/>\n<meta name=\"twitter:card\" content=\"summary_large_image\" \/>\n<meta name=\"twitter:label1\" content=\"Dur\u00e9e de lecture estim\u00e9e\" \/>\n\t<meta name=\"twitter:data1\" content=\"1 minute\" \/>\n<script type=\"application\/ld+json\" class=\"yoast-schema-graph\">{\"@context\":\"https:\/\/schema.org\",\"@graph\":[{\"@type\":\"WebPage\",\"@id\":\"https:\/\/telinebyra.com\/?page_id=28\",\"url\":\"https:\/\/telinebyra.com\/?page_id=28\",\"name\":\"Services - Telin\u00e9 by R.A\",\"isPartOf\":{\"@id\":\"https:\/\/telinebyra.com\/#website\"},\"datePublished\":\"2017-06-06T19:08:07+00:00\",\"dateModified\":\"2022-11-11T09:17:03+00:00\",\"description\":\"Telin\u00e9 by R.A vous propose un service de personal shopper \u00e0 Lyon, sur mesure, personnalis\u00e9 et passionn\u00e9. Mon r\u00f4le sera de vous accompagner et vous conseiller, en fonction de votre budget, de vos go\u00fbts et de votre morphologie\",\"breadcrumb\":{\"@id\":\"https:\/\/telinebyra.com\/?page_id=28#breadcrumb\"},\"inLanguage\":\"fr-FR\",\"potentialAction\":[{\"@type\":\"ReadAction\",\"target\":[\"https:\/\/telinebyra.com\/?page_id=28\"]}]},{\"@type\":\"BreadcrumbList\",\"@id\":\"https:\/\/telinebyra.com\/?page_id=28#breadcrumb\",\"itemListElement\":[{\"@type\":\"ListItem\",\"position\":1,\"name\":\"Accueil\",\"item\":\"https:\/\/telinebyra.com\/\"},{\"@type\":\"ListItem\",\"position\":2,\"name\":\"Services\"}]},{\"@type\":\"WebSite\",\"@id\":\"https:\/\/telinebyra.com\/#website\",\"url\":\"https:\/\/telinebyra.com\/\",\"name\":\"Telin\u00e9 by R.A\",\"description\":\"Personal shopper\",\"publisher\":{\"@id\":\"https:\/\/telinebyra.com\/#organization\"},\"potentialAction\":[{\"@type\":\"SearchAction\",\"target\":{\"@type\":\"EntryPoint\",\"urlTemplate\":\"https:\/\/telinebyra.com\/?s={search_term_string}\"},\"query-input\":\"required name=search_term_string\"}],\"inLanguage\":\"fr-FR\"},{\"@type\":\"Organization\",\"@id\":\"https:\/\/telinebyra.com\/#organization\",\"name\":\"Telin\u00e9 by R.A\",\"url\":\"https:\/\/telinebyra.com\/\",\"logo\":{\"@type\":\"ImageObject\",\"inLanguage\":\"fr-FR\",\"@id\":\"https:\/\/telinebyra.com\/#\/schema\/logo\/image\/\",\"url\":\"https:\/\/telinebyra.com\/wp-content\/uploads\/2017\/06\/cropped-Logo-Personal-Shopper-Teline-by-RA.jpg\",\"contentUrl\":\"https:\/\/telinebyra.com\/wp-content\/uploads\/2017\/06\/cropped-Logo-Personal-Shopper-Teline-by-RA.jpg\",\"width\":280,\"height\":82,\"caption\":\"Telin\u00e9 by R.A\"},\"image\":{\"@id\":\"https:\/\/telinebyra.com\/#\/schema\/logo\/image\/\"}}]}<\/script>\n<!-- \/ Yoast SEO plugin. -->","yoast_head_json":{"title":"Services - Telin\u00e9 by R.A","description":"Telin\u00e9 by R.A vous propose un service de personal shopper \u00e0 Lyon, sur mesure, personnalis\u00e9 et passionn\u00e9. Mon r\u00f4le sera de vous accompagner et vous conseiller, en fonction de votre budget, de vos go\u00fbts et de votre morphologie","robots":{"index":"index","follow":"follow","max-snippet":"max-snippet:-1","max-image-preview":"max-image-preview:large","max-video-preview":"max-video-preview:-1"},"canonical":"https:\/\/telinebyra.com\/?page_id=28","og_locale":"fr_FR","og_type":"article","og_title":"Services - Telin\u00e9 by R.A","og_description":"Telin\u00e9 by R.A vous propose un service de personal shopper \u00e0 Lyon, sur mesure, personnalis\u00e9 et passionn\u00e9. Mon r\u00f4le sera de vous accompagner et vous conseiller, en fonction de votre budget, de vos go\u00fbts et de votre morphologie","og_url":"https:\/\/telinebyra.com\/?page_id=28","og_site_name":"Telin\u00e9 by R.A","article_modified_time":"2022-11-11T09:17:03+00:00","twitter_card":"summary_large_image","twitter_misc":{"Dur\u00e9e de lecture estim\u00e9e":"1 minute"},"schema":{"@context":"https:\/\/schema.org","@graph":[{"@type":"WebPage","@id":"https:\/\/telinebyra.com\/?page_id=28","url":"https:\/\/telinebyra.com\/?page_id=28","name":"Services - Telin\u00e9 by R.A","isPartOf":{"@id":"https:\/\/telinebyra.com\/#website"},"datePublished":"2017-06-06T19:08:07+00:00","dateModified":"2022-11-11T09:17:03+00:00","description":"Telin\u00e9 by R.A vous propose un service de personal shopper \u00e0 Lyon, sur mesure, personnalis\u00e9 et passionn\u00e9. Mon r\u00f4le sera de vous accompagner et vous conseiller, en fonction de votre budget, de vos go\u00fbts et de votre morphologie","breadcrumb":{"@id":"https:\/\/telinebyra.com\/?page_id=28#breadcrumb"},"inLanguage":"fr-FR","potentialAction":[{"@type":"ReadAction","target":["https:\/\/telinebyra.com\/?page_id=28"]}]},{"@type":"BreadcrumbList","@id":"https:\/\/telinebyra.com\/?page_id=28#breadcrumb","itemListElement":[{"@type":"ListItem","position":1,"name":"Accueil","item":"https:\/\/telinebyra.com\/"},{"@type":"ListItem","position":2,"name":"Services"}]},{"@type":"WebSite","@id":"https:\/\/telinebyra.com\/#website","url":"https:\/\/telinebyra.com\/","name":"Telin\u00e9 by R.A","description":"Personal shopper","publisher":{"@id":"https:\/\/telinebyra.com\/#organization"},"potentialAction":[{"@type":"SearchAction","target":{"@type":"EntryPoint","urlTemplate":"https:\/\/telinebyra.com\/?s={search_term_string}"},"query-input":"required name=search_term_string"}],"inLanguage":"fr-FR"},{"@type":"Organization","@id":"https:\/\/telinebyra.com\/#organization","name":"Telin\u00e9 by R.A","url":"https:\/\/telinebyra.com\/","logo":{"@type":"ImageObject","inLanguage":"fr-FR","@id":"https:\/\/telinebyra.com\/#\/schema\/logo\/image\/","url":"https:\/\/telinebyra.com\/wp-content\/uploads\/2017\/06\/cropped-Logo-Personal-Shopper-Teline-by-RA.jpg","contentUrl":"https:\/\/telinebyra.com\/wp-content\/uploads\/2017\/06\/cropped-Logo-Personal-Shopper-Teline-by-RA.jpg","width":280,"height":82,"caption":"Telin\u00e9 by R.A"},"image":{"@id":"https:\/\/telinebyra.com\/#\/schema\/logo\/image\/"}}]}},"_links":{"self":[{"href":"https:\/\/telinebyra.com\/index.php?rest_route=\/wp\/v2\/pages\/28"}],"collection":[{"href":"https:\/\/telinebyra.com\/index.php?rest_route=\/wp\/v2\/pages"}],"about":[{"href":"https:\/\/telinebyra.com\/index.php?rest_route=\/wp\/v2\/types\/page"}],"author":[{"embeddable":true,"href":"https:\/\/telinebyra.com\/index.php?rest_route=\/wp\/v2\/users\/1"}],"replies":[{"embeddable":true,"href":"https:\/\/telinebyra.com\/index.php?rest_route=%2Fwp%2Fv2%2Fcomments&post=28"}],"version-history":[{"count":14,"href":"https:\/\/telinebyra.com\/index.php?rest_route=\/wp\/v2\/pages\/28\/revisions"}],"predecessor-version":[{"id":361,"href":"https:\/\/telinebyra.com\/index.php?rest_route=\/wp\/v2\/pages\/28\/revisions\/361"}],"wp:attachment":[{"href":"https:\/\/telinebyra.com\/index.php?rest_route=%2Fwp%2Fv2%2Fmedia&parent=28"}],"curies":[{"name":"wp","href":"https:\/\/api.w.org\/{rel}","templated":true}]}}