{"id":2,"date":"2017-06-06T18:45:57","date_gmt":"2017-06-06T16:45:57","guid":{"rendered":"http:\/\/telinebyra.com\/?page_id=2"},"modified":"2020-01-16T19:45:34","modified_gmt":"2020-01-16T18:45:34","slug":"personal-shopperlyontelinebyrastylistecoachconseilsmode","status":"publish","type":"page","link":"https:\/\/telinebyra.com\/","title":{"rendered":"Telin\u00e9 by R.A &#8211; Personal shopper \u00e0 Lyon"},"content":{"rendered":"<p>Bienvenue sur le site de Telin\u00e9 by R.A<\/p>\n<p>Personal shopper \u00e0 Lyon<\/p>\n<blockquote><p>\u00ab\u00a0Pour \u00eatre irrempla\u00e7able, il faut \u00eatre diff\u00e9rente.\u00a0\u00bb Coco Chanel<\/p><\/blockquote>\n<p><img loading=\"lazy\" decoding=\"async\" class=\"alignnone wp-image-75 size-thumbnail\" src=\"https:\/\/telinebyra.com\/wp-content\/uploads\/2017\/06\/feleurs1-150x150.jpg\" alt=\"telinebyra,personal shopper \u00e0 Lyon, accueil\" width=\"150\" height=\"150\" srcset=\"https:\/\/telinebyra.com\/wp-content\/uploads\/2017\/06\/feleurs1-150x150.jpg 150w, https:\/\/telinebyra.com\/wp-content\/uploads\/2017\/06\/feleurs1-50x50.jpg 50w\" sizes=\"(max-width: 150px) 100vw, 150px\" \/>&nbsp; &nbsp;<img loading=\"lazy\" decoding=\"async\" class=\"alignnone wp-image-69 size-thumbnail\" src=\"https:\/\/telinebyra.com\/wp-content\/uploads\/2017\/06\/Snapchat-39118552-150x150.jpg\" alt=\"telinebyra,personal shopper \u00e0 Lyon, style\" width=\"150\" height=\"150\" srcset=\"https:\/\/telinebyra.com\/wp-content\/uploads\/2017\/06\/Snapchat-39118552-150x150.jpg 150w, https:\/\/telinebyra.com\/wp-content\/uploads\/2017\/06\/Snapchat-39118552-50x50.jpg 50w\" sizes=\"(max-width: 150px) 100vw, 150px\" \/>&nbsp; &nbsp;<img loading=\"lazy\" decoding=\"async\" class=\"alignnone wp-image-86 size-thumbnail\" src=\"https:\/\/telinebyra.com\/wp-content\/uploads\/2017\/06\/0294017E05069022-c1-photo-accessoires-mode-font-la-deco-1-150x150.jpg\" alt=\"telinebyra,personal shopper \u00e0 Lyon, dressing\" width=\"150\" height=\"150\" srcset=\"https:\/\/telinebyra.com\/wp-content\/uploads\/2017\/06\/0294017E05069022-c1-photo-accessoires-mode-font-la-deco-1-150x150.jpg 150w, https:\/\/telinebyra.com\/wp-content\/uploads\/2017\/06\/0294017E05069022-c1-photo-accessoires-mode-font-la-deco-1-50x50.jpg 50w\" sizes=\"(max-width: 150px) 100vw, 150px\" \/><\/p>\n<h3>Telin\u00e9, personal shopper \u00e0 Lyon<\/h3>\n<p>De formation dans le domaine de l&rsquo;audiovisuel, j&rsquo;ai ensuite travaill\u00e9 dans la mode pour les plus grandes maisons fran\u00e7aises et italiennes. Je vous propose un service de&nbsp;<strong>personal shopper<\/strong>&nbsp; sur mesure, personnalis\u00e9 et passionn\u00e9. Mon r\u00f4le sera de vous accompagner et vous conseiller, trouver la touche personnelle qui sublimera votre silhouette, en fonction de votre budget, de vos go\u00fbts mais surtout de votre morphologie.<\/p>\n<blockquote><p>\u00ab\u00a0Si tu ne peux pas \u00eatre mieux que la concurrence, il suffit de t&rsquo;habiller mieux.\u00a0\u00bb Anna Wintour<\/p><\/blockquote>\n<p style=\"text-align: right;\"><a href=\"https:\/\/telinebyra.com\/index.php\/contact\/\"><em>Me contacter<\/em><\/a><\/p>\n<h3>Mon organisation<\/h3>\n<p>Sur place ou par t\u00e9l\u00e9phone, le personal shopper organise d&rsquo;abord un entretien pr\u00e9paratoire avec son client afin de cerner ses go\u00fbts et son style mais \u00e9galement son bu<span class=\"text_exposed_show\">dget. Il se rend ensuite en boutique pour rep\u00e9rer certains articles et faire une premi\u00e8re s\u00e9lection. Enfin, le personal shopper guide le client lors de son shopping et l&rsquo;aide \u00e0 choisir des v\u00eatements qui lui conviennent parfaitement, et \u00e0 faire les bons achats. Mon r\u00f4le est d&rsquo;apprendre \u00e0 ne pas acheter des pi\u00e8ces qui resteront dans le placard mais d&rsquo;apprendre une m\u00e9thode d&rsquo;achat : travailler par look.<\/span><\/p>\n<blockquote><p><span class=\"text_exposed_show\">\u00ab\u00a0J&rsquo;aime mon argent quand il est l\u00e0 o\u00f9 je peux le voir : sur des cintres, dans mon armoire.\u00a0\u00bb Carrie Bradshaw<\/span><\/p><\/blockquote>\n<div class=\"text_exposed_show\">\n<p style=\"text-align: right;\"><a href=\"https:\/\/telinebyra.com\/index.php\/services\/\"><i>Voir les prestations<\/i><\/a><\/p>\n<h3>Mes Qualit\u00e9s<\/h3>\n<p>Ma\u00eetrisant les codes vestimentaires et la colorim\u00e9trie, j&rsquo;aime le contact humain et je sais \u00e9couter et conseiller, tout en sachant mettre mes propres go\u00fbts de c\u00f4t\u00e9. Suivre la mode et les tendances est ma passion. Je rend l&rsquo;impossible possible.<\/p>\n<blockquote><p>\u00ab\u00a0J\u2019ai perdu 100 kg pour porter les costumes d\u2019Hedi Slimane.\u00a0\u00bb Karl Lagerfeld<\/p><\/blockquote>\n<p style=\"text-align: right;\"><a href=\"https:\/\/telinebyra.com\/index.php\/galerie\/\"><em>Voir la galerie<\/em><\/a><\/p>\n<\/div>\n","protected":false},"excerpt":{"rendered":"<p>Bienvenue sur le site de Telin\u00e9 by R.A Personal shopper \u00e0 Lyon \u00ab\u00a0Pour \u00eatre irrempla\u00e7able, il faut \u00eatre diff\u00e9rente.\u00a0\u00bb Coco Chanel &nbsp; &nbsp;&nbsp; &nbsp; Telin\u00e9, personal shopper \u00e0 Lyon De formation dans le domaine de l&rsquo;audiovisuel, j&rsquo;ai ensuite travaill\u00e9 dans la mode pour les plus grandes maisons fran\u00e7aises et italiennes. Je vous propose un service [&hellip;]<\/p>\n","protected":false},"author":1,"featured_media":346,"parent":0,"menu_order":0,"comment_status":"closed","ping_status":"open","template":"","meta":{"footnotes":""},"yoast_head":"<!-- This site is optimized with the Yoast SEO plugin v21.5 - https:\/\/yoast.com\/wordpress\/plugins\/seo\/ -->\n<title>Telin\u00e9 by R.A - Personal shopper \u00e0 Lyon, coach mode, styliste<\/title>\n<meta name=\"description\" content=\"Telin\u00e9 by R.A - Personal shopper \u00e0 Lyon vous propose ses services d&#039;accompagnement et de conseils pour vos achats de v\u00eatements.\" \/>\n<meta name=\"robots\" content=\"index, follow, max-snippet:-1, max-image-preview:large, max-video-preview:-1\" \/>\n<link rel=\"canonical\" href=\"https:\/\/telinebyra.com\/\" \/>\n<meta property=\"og:locale\" content=\"fr_FR\" \/>\n<meta property=\"og:type\" content=\"article\" \/>\n<meta property=\"og:title\" content=\"Telin\u00e9 by R.A - Personal shopper \u00e0 Lyon, coach mode, styliste\" \/>\n<meta property=\"og:description\" content=\"Telin\u00e9 by R.A - Personal shopper \u00e0 Lyon vous propose ses services d&#039;accompagnement et de conseils pour vos achats de v\u00eatements.\" \/>\n<meta property=\"og:url\" content=\"https:\/\/telinebyra.com\/\" \/>\n<meta property=\"og:site_name\" content=\"Telin\u00e9 by R.A\" \/>\n<meta property=\"article:modified_time\" content=\"2020-01-16T18:45:34+00:00\" \/>\n<meta property=\"og:image\" content=\"https:\/\/telinebyra.com\/wp-content\/uploads\/2020\/01\/teline-by-ra-personal-shopper-lyon-styliste.jpg\" \/>\n\t<meta property=\"og:image:width\" content=\"1057\" \/>\n\t<meta property=\"og:image:height\" content=\"1321\" \/>\n\t<meta property=\"og:image:type\" content=\"image\/jpeg\" \/>\n<meta name=\"twitter:card\" content=\"summary_large_image\" \/>\n<meta name=\"twitter:label1\" content=\"Dur\u00e9e de lecture estim\u00e9e\" \/>\n\t<meta name=\"twitter:data1\" content=\"2 minutes\" \/>\n<script type=\"application\/ld+json\" class=\"yoast-schema-graph\">{\"@context\":\"https:\/\/schema.org\",\"@graph\":[{\"@type\":\"WebPage\",\"@id\":\"https:\/\/telinebyra.com\/\",\"url\":\"https:\/\/telinebyra.com\/\",\"name\":\"Telin\u00e9 by R.A - Personal shopper \u00e0 Lyon, coach mode, styliste\",\"isPartOf\":{\"@id\":\"https:\/\/telinebyra.com\/#website\"},\"datePublished\":\"2017-06-06T16:45:57+00:00\",\"dateModified\":\"2020-01-16T18:45:34+00:00\",\"description\":\"Telin\u00e9 by R.A - Personal shopper \u00e0 Lyon vous propose ses services d'accompagnement et de conseils pour vos achats de v\u00eatements.\",\"breadcrumb\":{\"@id\":\"https:\/\/telinebyra.com\/#breadcrumb\"},\"inLanguage\":\"fr-FR\",\"potentialAction\":[{\"@type\":\"ReadAction\",\"target\":[\"https:\/\/telinebyra.com\/\"]}]},{\"@type\":\"BreadcrumbList\",\"@id\":\"https:\/\/telinebyra.com\/#breadcrumb\",\"itemListElement\":[{\"@type\":\"ListItem\",\"position\":1,\"name\":\"Accueil\",\"item\":\"https:\/\/telinebyra.com\/\"},{\"@type\":\"ListItem\",\"position\":2,\"name\":\"Telin\u00e9 by R.A &#8211; Personal shopper \u00e0 Lyon\"}]},{\"@type\":\"WebSite\",\"@id\":\"https:\/\/telinebyra.com\/#website\",\"url\":\"https:\/\/telinebyra.com\/\",\"name\":\"Telin\u00e9 by R.A\",\"description\":\"Personal shopper\",\"publisher\":{\"@id\":\"https:\/\/telinebyra.com\/#organization\"},\"potentialAction\":[{\"@type\":\"SearchAction\",\"target\":{\"@type\":\"EntryPoint\",\"urlTemplate\":\"https:\/\/telinebyra.com\/?s={search_term_string}\"},\"query-input\":\"required name=search_term_string\"}],\"inLanguage\":\"fr-FR\"},{\"@type\":\"Organization\",\"@id\":\"https:\/\/telinebyra.com\/#organization\",\"name\":\"Telin\u00e9 by R.A\",\"url\":\"https:\/\/telinebyra.com\/\",\"logo\":{\"@type\":\"ImageObject\",\"inLanguage\":\"fr-FR\",\"@id\":\"https:\/\/telinebyra.com\/#\/schema\/logo\/image\/\",\"url\":\"https:\/\/telinebyra.com\/wp-content\/uploads\/2017\/06\/cropped-Logo-Personal-Shopper-Teline-by-RA.jpg\",\"contentUrl\":\"https:\/\/telinebyra.com\/wp-content\/uploads\/2017\/06\/cropped-Logo-Personal-Shopper-Teline-by-RA.jpg\",\"width\":280,\"height\":82,\"caption\":\"Telin\u00e9 by R.A\"},\"image\":{\"@id\":\"https:\/\/telinebyra.com\/#\/schema\/logo\/image\/\"}}]}<\/script>\n<!-- \/ Yoast SEO plugin. -->","yoast_head_json":{"title":"Telin\u00e9 by R.A - Personal shopper \u00e0 Lyon, coach mode, styliste","description":"Telin\u00e9 by R.A - Personal shopper \u00e0 Lyon vous propose ses services d'accompagnement et de conseils pour vos achats de v\u00eatements.","robots":{"index":"index","follow":"follow","max-snippet":"max-snippet:-1","max-image-preview":"max-image-preview:large","max-video-preview":"max-video-preview:-1"},"canonical":"https:\/\/telinebyra.com\/","og_locale":"fr_FR","og_type":"article","og_title":"Telin\u00e9 by R.A - Personal shopper \u00e0 Lyon, coach mode, styliste","og_description":"Telin\u00e9 by R.A - Personal shopper \u00e0 Lyon vous propose ses services d'accompagnement et de conseils pour vos achats de v\u00eatements.","og_url":"https:\/\/telinebyra.com\/","og_site_name":"Telin\u00e9 by R.A","article_modified_time":"2020-01-16T18:45:34+00:00","og_image":[{"width":1057,"height":1321,"url":"https:\/\/telinebyra.com\/wp-content\/uploads\/2020\/01\/teline-by-ra-personal-shopper-lyon-styliste.jpg","type":"image\/jpeg"}],"twitter_card":"summary_large_image","twitter_misc":{"Dur\u00e9e de lecture estim\u00e9e":"2 minutes"},"schema":{"@context":"https:\/\/schema.org","@graph":[{"@type":"WebPage","@id":"https:\/\/telinebyra.com\/","url":"https:\/\/telinebyra.com\/","name":"Telin\u00e9 by R.A - Personal shopper \u00e0 Lyon, coach mode, styliste","isPartOf":{"@id":"https:\/\/telinebyra.com\/#website"},"datePublished":"2017-06-06T16:45:57+00:00","dateModified":"2020-01-16T18:45:34+00:00","description":"Telin\u00e9 by R.A - Personal shopper \u00e0 Lyon vous propose ses services d'accompagnement et de conseils pour vos achats de v\u00eatements.","breadcrumb":{"@id":"https:\/\/telinebyra.com\/#breadcrumb"},"inLanguage":"fr-FR","potentialAction":[{"@type":"ReadAction","target":["https:\/\/telinebyra.com\/"]}]},{"@type":"BreadcrumbList","@id":"https:\/\/telinebyra.com\/#breadcrumb","itemListElement":[{"@type":"ListItem","position":1,"name":"Accueil","item":"https:\/\/telinebyra.com\/"},{"@type":"ListItem","position":2,"name":"Telin\u00e9 by R.A &#8211; Personal shopper \u00e0 Lyon"}]},{"@type":"WebSite","@id":"https:\/\/telinebyra.com\/#website","url":"https:\/\/telinebyra.com\/","name":"Telin\u00e9 by R.A","description":"Personal shopper","publisher":{"@id":"https:\/\/telinebyra.com\/#organization"},"potentialAction":[{"@type":"SearchAction","target":{"@type":"EntryPoint","urlTemplate":"https:\/\/telinebyra.com\/?s={search_term_string}"},"query-input":"required name=search_term_string"}],"inLanguage":"fr-FR"},{"@type":"Organization","@id":"https:\/\/telinebyra.com\/#organization","name":"Telin\u00e9 by R.A","url":"https:\/\/telinebyra.com\/","logo":{"@type":"ImageObject","inLanguage":"fr-FR","@id":"https:\/\/telinebyra.com\/#\/schema\/logo\/image\/","url":"https:\/\/telinebyra.com\/wp-content\/uploads\/2017\/06\/cropped-Logo-Personal-Shopper-Teline-by-RA.jpg","contentUrl":"https:\/\/telinebyra.com\/wp-content\/uploads\/2017\/06\/cropped-Logo-Personal-Shopper-Teline-by-RA.jpg","width":280,"height":82,"caption":"Telin\u00e9 by R.A"},"image":{"@id":"https:\/\/telinebyra.com\/#\/schema\/logo\/image\/"}}]}},"_links":{"self":[{"href":"https:\/\/telinebyra.com\/index.php?rest_route=\/wp\/v2\/pages\/2"}],"collection":[{"href":"https:\/\/telinebyra.com\/index.php?rest_route=\/wp\/v2\/pages"}],"about":[{"href":"https:\/\/telinebyra.com\/index.php?rest_route=\/wp\/v2\/types\/page"}],"author":[{"embeddable":true,"href":"https:\/\/telinebyra.com\/index.php?rest_route=\/wp\/v2\/users\/1"}],"replies":[{"embeddable":true,"href":"https:\/\/telinebyra.com\/index.php?rest_route=%2Fwp%2Fv2%2Fcomments&post=2"}],"version-history":[{"count":29,"href":"https:\/\/telinebyra.com\/index.php?rest_route=\/wp\/v2\/pages\/2\/revisions"}],"predecessor-version":[{"id":348,"href":"https:\/\/telinebyra.com\/index.php?rest_route=\/wp\/v2\/pages\/2\/revisions\/348"}],"wp:featuredmedia":[{"embeddable":true,"href":"https:\/\/telinebyra.com\/index.php?rest_route=\/wp\/v2\/media\/346"}],"wp:attachment":[{"href":"https:\/\/telinebyra.com\/index.php?rest_route=%2Fwp%2Fv2%2Fmedia&parent=2"}],"curies":[{"name":"wp","href":"https:\/\/api.w.org\/{rel}","templated":true}]}}